{"id":32,"date":"2021-08-07T12:31:57","date_gmt":"2021-08-07T15:31:57","guid":{"rendered":"https:\/\/interelos.org.br\/?page_id=32"},"modified":"2025-11-03T09:14:00","modified_gmt":"2025-11-03T12:14:00","slug":"nossa-missao","status":"publish","type":"page","link":"https:\/\/interelos.org.br\/en\/quem-somos\/nossa-missao","title":{"rendered":"Our mission"},"content":{"rendered":"<div data-elementor-type=\"wp-page\" data-elementor-id=\"32\" class=\"elementor elementor-32\" data-elementor-post-type=\"page\">\n\t\t\t\t\t\t\t\t\t<section class=\"elementor-section elementor-top-section elementor-element elementor-element-f167cf1 elementor-section-boxed elementor-section-height-default elementor-section-height-default wd-section-disabled\" data-id=\"f167cf1\" data-element_type=\"section\">\n\t\t\t\t\t\t<div class=\"elementor-container elementor-column-gap-default\">\n\t\t\t\t\t<div class=\"elementor-column elementor-col-100 elementor-top-column elementor-element elementor-element-fb96546\" data-id=\"fb96546\" data-element_type=\"column\">\n\t\t\t<div class=\"elementor-widget-wrap elementor-element-populated\">\n\t\t\t\t\t\t\t\t<div class=\"elementor-element elementor-element-d2635fb color-blue elementor-widget elementor-widget-wd_title\" data-id=\"d2635fb\" data-element_type=\"widget\" data-widget_type=\"wd_title.default\">\n\t\t\t\t<div class=\"elementor-widget-container\">\n\t\t\t<link rel=\"stylesheet\" id=\"wd-section-title-css\" href=\"https:\/\/interelos.org.br\/wp-content\/themes\/woodmart\/css\/parts\/el-section-title.min.css?ver=6.1.4\" type=\"text\/css\" media=\"all\" \/>\n<div class=\"title-wrapper set-mb-s reset-last-child wd-title-color-default wd-title-style-default wd-title-size-default text-center\">\n<div class=\"liner-continer\">\n<h1 class=\"woodmart-title-container title wd-fontsize-l\">Our mission<\/h1>\n<\/p><\/div>\n<div class=\"title-after_title set-cont-mb-s reset-last-child wd-fontsize-xs\">\n\t\t\t\t\tTo promote socioeconomic inclusion through sustainable production chains, community leadership, and rural education.\t\t\t\t<\/div>\n<\/p><\/div>\n\t\t<\/div>\n\t\t\t\t<\/div>\n\t\t\t\t\t<\/div>\n\t\t<\/div>\n\t\t\t\t\t\t\t<\/div>\n\t\t<\/section>\n\t\t\t\t<section class=\"elementor-section elementor-top-section elementor-element elementor-element-92f30f7 sticky-overlay-container elementor-section-boxed elementor-section-height-default elementor-section-height-default wd-section-disabled\" data-id=\"92f30f7\" data-element_type=\"section\">\n\t\t\t\t\t\t<div class=\"elementor-container elementor-column-gap-custom\">\n\t\t\t\t\t<div class=\"elementor-column elementor-col-66 elementor-top-column elementor-element elementor-element-60e7aa4\" data-id=\"60e7aa4\" data-element_type=\"column\">\n\t\t\t<div class=\"elementor-widget-wrap elementor-element-populated\">\n\t\t\t\t\t\t\t\t<div class=\"elementor-element elementor-element-179911c color-scheme-inherit text-left elementor-widget elementor-widget-text-editor\" data-id=\"179911c\" data-element_type=\"widget\" data-widget_type=\"text-editor.default\">\n\t\t\t\t<div class=\"elementor-widget-container\">\n\t\t\t<style>\/*! elementor - v3.17.0 - 08-11-2023 *\/\n.elementor-widget-text-editor.elementor-drop-cap-view-stacked .elementor-drop-cap{background-color:#69727d;color:#fff}.elementor-widget-text-editor.elementor-drop-cap-view-framed .elementor-drop-cap{color:#69727d;border:3px solid;background-color:transparent}.elementor-widget-text-editor:not(.elementor-drop-cap-view-default) .elementor-drop-cap{margin-top:8px}.elementor-widget-text-editor:not(.elementor-drop-cap-view-default) .elementor-drop-cap-letter{width:1em;height:1em}.elementor-widget-text-editor .elementor-drop-cap{float:left;text-align:center;line-height:1;font-size:50px}.elementor-widget-text-editor .elementor-drop-cap-letter{display:inline-block}<\/style>\t\t\t\t<p>Acreditamos que cadeias produtivas robustas e perenes s\u00e3o constru\u00eddas a partir do protagonismo comunit\u00e1rio. Por isso, nosso trabalho sempre parte do di\u00e1logo com comunidades para identificar suas potencialidades sociais e econ\u00f4micas e criar um protocolo de neg\u00f3cios e desenvolvimento comunit\u00e1rio.<\/p><p>N\u00f3s apoiamos a estrutura\u00e7\u00e3o do desenvolvimento de cadeias produtivas, equilibrando simultaneamente todos os seus elos, do manejo \u00e0 comercializa\u00e7\u00e3o.<\/p><p>Como base, estimulamos a educa\u00e7\u00e3o do campo e o protagonismo comunit\u00e1rio, para formar t\u00e9cnicos e l\u00edderes ligados aos problemas de seus biomas.<\/p><p>O sucesso de nossa miss\u00e3o \u00e9 medido pela transforma\u00e7\u00e3o de extrativistas em empreendedores sustent\u00e1veis da terra.<\/p>\t\t\t\t\t\t<\/div>\n\t\t\t\t<\/div>\n\t\t\t\t\t<\/div>\n\t\t<\/div>\n\t\t\t\t<div class=\"elementor-column elementor-col-33 elementor-top-column elementor-element elementor-element-9124aac\" data-id=\"9124aac\" data-element_type=\"column\">\n\t\t\t<div class=\"elementor-widget-wrap elementor-element-populated\">\n\t\t\t\t\t\t\t\t<div class=\"elementor-element elementor-element-23b87b5 sticky-addendum color-scheme-inherit text-left elementor-invisible elementor-widget elementor-widget-text-editor\" data-id=\"23b87b5\" data-element_type=\"widget\" data-settings=\"{&quot;sticky&quot;:&quot;top&quot;,&quot;sticky_on&quot;:[&quot;desktop&quot;,&quot;tablet&quot;],&quot;sticky_offset&quot;:40,&quot;sticky_parent&quot;:&quot;yes&quot;,&quot;_animation&quot;:&quot;fadeInUp&quot;,&quot;sticky_effects_offset&quot;:0}\" data-widget_type=\"text-editor.default\">\n\t\t\t\t<div class=\"elementor-widget-container\">\n\t\t\t\t\t\t\t<p>We support populations in situations of poverty by creating models of <strong>social ventures<\/strong> that allow them to be <strong>protagonists<\/strong>, owners and beneficiaries of its results, generating work and income with <strong>environmental respect<\/strong>.<\/p>\t\t\t\t\t\t<\/div>\n\t\t\t\t<\/div>\n\t\t\t\t\t<\/div>\n\t\t<\/div>\n\t\t\t\t\t\t\t<\/div>\n\t\t<\/section>\n\t\t\t\t<section class=\"elementor-section elementor-top-section elementor-element elementor-element-327e06f0 elementor-section-boxed elementor-section-height-default elementor-section-height-default wd-section-disabled\" data-id=\"327e06f0\" data-element_type=\"section\">\n\t\t\t\t\t\t<div class=\"elementor-container elementor-column-gap-default\">\n\t\t\t\t\t<div class=\"elementor-column elementor-col-100 elementor-top-column elementor-element elementor-element-5a5150c0\" data-id=\"5a5150c0\" data-element_type=\"column\">\n\t\t\t<div class=\"elementor-widget-wrap elementor-element-populated\">\n\t\t\t\t\t\t\t\t<div class=\"elementor-element elementor-element-e00a1c1 elementor-widget elementor-widget-wd_title\" data-id=\"e00a1c1\" data-element_type=\"widget\" data-widget_type=\"wd_title.default\">\n\t\t\t\t<div class=\"elementor-widget-container\">\n\t\t\t\n<div class=\"title-wrapper set-mb-s reset-last-child wd-title-color-default wd-title-style-default wd-title-size-default text-center\">\n<div class=\"title-subtitle subtitle-color-default subtitle-style-default wd-fontsize-xs\">\n\t\t\t\t\tWhat are we doing\t\t\t\t<\/div>\n<div class=\"liner-continer\">\n<h4 class=\"woodmart-title-container title wd-fontsize-l\">our programs<\/h4>\n<\/p><\/div>\n<\/p><\/div>\n\t\t<\/div>\n\t\t\t\t<\/div>\n\t\t\t\t<div class=\"elementor-element elementor-element-2b801652 elementor-widget elementor-widget-wd_portfolio\" data-id=\"2b801652\" data-element_type=\"widget\" data-widget_type=\"wd_portfolio.default\">\n\t\t\t\t<div class=\"elementor-widget-container\">\n\t\t\t\t\t\t<link rel=\"stylesheet\" id=\"wd-lazy-loading-css\" href=\"https:\/\/interelos.org.br\/wp-content\/themes\/woodmart\/css\/parts\/opt-lazy-load.min.css?ver=6.1.4\" type=\"text\/css\" media=\"all\" \/> \t\t\t\t\t\t<link rel=\"stylesheet\" id=\"wd-portfolio-base-css\" href=\"https:\/\/interelos.org.br\/wp-content\/themes\/woodmart\/css\/parts\/portfolio-base.min.css?ver=6.1.4\" type=\"text\/css\" media=\"all\" \/> \t\t\t\t\t\t<link rel=\"stylesheet\" id=\"wd-owl-carousel-css\" href=\"https:\/\/interelos.org.br\/wp-content\/themes\/woodmart\/css\/parts\/lib-owl-carousel.min.css?ver=6.1.4\" type=\"text\/css\" media=\"all\" \/> \t\t\t\t\t\t<div id=\"carousel-598\"\n\t\t\t\t class=\"wd-carousel-container  slider-type-portfolio wd-carousel-spacing-30\" data-owl-carousel data-wrap=\"yes\" data-autoplay=\"yes\" data-hide_pagination_control=\"no\" data-hide_prev_next_buttons=\"no\" data-desktop=\"3\" data-tablet_landscape=\"3\" data-tablet=\"2\" data-mobile=\"1\">\n\t\t\t\t\t\t\t\t<div class=\"owl-carousel owl-items-lg-3 owl-items-md-3 owl-items-sm-2 owl-items-xs-1\">\n\t\t\t\t\t\n\t\t\t\t\t\t\t<div class=\"slide-portfolio owl-carousel-item\">\n\t\t\t\n\t\t\t\t\t\t\t\t\t\t<link rel=\"stylesheet\" id=\"wd-photoswipe-css\" href=\"https:\/\/interelos.org.br\/wp-content\/themes\/woodmart\/css\/parts\/lib-photoswipe.min.css?ver=6.1.4\" type=\"text\/css\" media=\"all\" \/> \t\t\t\n<article id=\"post-2066\" class=\"portfolio-entry portfolio-single proj-cat-em-andamento portfolio-text-shown post-2066 portfolio type-portfolio status-publish has-post-thumbnail hentry project-cat-em-andamento\">\n\t<header class=\"entry-header\">\n\t\t\t\t\t<figure class=\"entry-thumbnail\">\n\t\t\t\t<a href=\"https:\/\/interelos.org.br\/en\/programas\/educacao-do-campo\" class=\"portfolio-thumbnail\">\n\t\t\t\t\t<img width=\"1000\" height=\"750\" src=\"https:\/\/interelos.org.br\/wp-content\/themes\/woodmart\/images\/lazy.png\" class=\"attachment-large size-large wp-image-2071 wd-lazy-load woodmart-lazy-load wd-lazy-blur\" alt=\"\" decoding=\"async\" loading=\"lazy\" srcset=\"\" sizes=\"(max-width: 1000px) 100vw, 1000px\" data-wood-src=\"https:\/\/interelos.org.br\/wp-content\/uploads\/2022\/11\/Amazonia-Morador-1.jpg\" data-srcset=\"https:\/\/interelos.org.br\/wp-content\/uploads\/2022\/11\/Amazonia-Morador-1.jpg 1000w, https:\/\/interelos.org.br\/wp-content\/uploads\/2022\/11\/Amazonia-Morador-1-300x225.jpg 300w, https:\/\/interelos.org.br\/wp-content\/uploads\/2022\/11\/Amazonia-Morador-1-768x576.jpg 768w, https:\/\/interelos.org.br\/wp-content\/uploads\/2022\/11\/Amazonia-Morador-1-16x12.jpg 16w\" \/>\t\t\t\t<\/a>\n\t\t\t\t<a href=\"https:\/\/interelos.org.br\/wp-content\/uploads\/2022\/11\/Amazonia-Morador-1.jpg\" class=\"portfolio-enlarge\" data-elementor-open-lightbox=\"no\">View Large<\/a>\n\t\t\t\t\t\t\t\t\t<div class=\"social-icons-wrapper\">\n\t\t\t\t\t\t\t\t<link rel=\"stylesheet\" id=\"wd-social-icons-css\" href=\"https:\/\/interelos.org.br\/wp-content\/themes\/woodmart\/css\/parts\/el-social-icons.min.css?ver=6.1.4\" type=\"text\/css\" media=\"all\" \/> \t\t\t\n\t\t\t<div class=\"wd-social-icons woodmart-social-icons text-center icons-design-default icons-size-small color-scheme-light social-share social-form-circle\">\n\t\t\t\t\t\t\t\t\t<a rel=\"noopener noreferrer nofollow\" href=\"https:\/\/www.facebook.com\/sharer\/sharer.php?u=https:\/\/interelos.org.br\/en\/programas\/educacao-do-campo\" target=\"_blank\" class=\"wd-social-icon social-facebook\">\n\t\t\t\t\t\t<span class=\"wd-icon\"><\/span>\n\t\t\t\t\t\t\t\t\t\t\t<\/a>\n\t\t\t\t\n\t\t\t\t\t\t\t\t\t<a rel=\"noopener noreferrer nofollow\" href=\"https:\/\/twitter.com\/share?url=https:\/\/interelos.org.br\/en\/programas\/educacao-do-campo\" target=\"_blank\" class=\"wd-social-icon social-twitter\">\n\t\t\t\t\t\t<span class=\"wd-icon\"><\/span>\n\t\t\t\t\t\t\t\t\t\t\t<\/a>\n\t\t\t\t\n\t\t\t\t\n\t\t\t\t\n\t\t\t\t\n\t\t\t\t\t\t\t\t\t<a rel=\"noopener noreferrer nofollow\" href=\"https:\/\/pinterest.com\/pin\/create\/button\/?url=https:\/\/interelos.org.br\/en\/programas\/educacao-do-campo&media=https:\/\/interelos.org.br\/wp-content\/uploads\/2022\/11\/Amazonia-Morador-1.jpg&description=Educa%C3%A7%C3%A3o+do+Campo\" target=\"_blank\" class=\"wd-social-icon social-pinterest\">\n\t\t\t\t\t\t<span class=\"wd-icon\"><\/span>\n\t\t\t\t\t\t\t\t\t\t\t<\/a>\n\t\t\t\t\n\t\t\t\t\n\t\t\t\t\t\t\t\t\t<a rel=\"noopener noreferrer nofollow\" href=\"https:\/\/www.linkedin.com\/shareArticle?mini=true&url=https:\/\/interelos.org.br\/en\/programas\/educacao-do-campo\" target=\"_blank\" class=\"wd-social-icon social-linkedin\">\n\t\t\t\t\t\t<span class=\"wd-icon\"><\/span>\n\t\t\t\t\t\t\t\t\t\t\t<\/a>\n\t\t\t\t\n\t\t\t\t\n\t\t\t\t\n\t\t\t\t\n\t\t\t\t\n\t\t\t\t\n\t\t\t\t\n\t\t\t\t\n\t\t\t\t\n\t\t\t\t\n\t\t\t\t\t\t\t\t\n\t\t\t\t\t\t\t\t\n\t\t\t\t\n\t\t\t\t\t\t\t\t\t<a rel=\"noopener noreferrer nofollow\" href=\"https:\/\/telegram.me\/share\/url?url=https:\/\/interelos.org.br\/en\/programas\/educacao-do-campo\" target=\"_blank\" class=\"wd-social-icon social-tg\">\n\t\t\t\t\t\t<span class=\"wd-icon\"><\/span>\n\t\t\t\t\t\t\t\t\t\t\t<\/a>\n\t\t\t\t\t\t\t\t\n\t\t\t\t\n\t\t\t<\/div>\n\n\t\t\t\t\t\t\t<\/div>\n\t\t\t\t\t\t\t<\/figure>\n\t\t\n\t\t<div class=\"portfolio-info\">\n\t\t\t\n\t\t\t\t\t\t\t\t<div class=\"wrap-meta\">\n\t\t\t\t\t\t<ul class=\"proj-cats-list\">\n\t\t\t\t\t\t\t\t\t\t\t\t\t\t<li>In progress<\/li>\n\t\t\t\t\t\t\t\t\t\t\t\t\t<\/ul>\n\t\t\t\t\t<\/div>\n\t\t\t\t\t\t\t\t \n\t\t\t<div class=\"wrap-title\">\n\t\t\t\t<h3 class=\"wd-entities-title\">\n\t\t\t\t\t<a href=\"https:\/\/interelos.org.br\/en\/programas\/educacao-do-campo\" rel=\"bookmark\">Field Education<\/a>\n\t\t\t\t<\/h3>\n\t\t\t<\/div>\n\t\t <\/div>\n\t <\/header>\n\n<\/article><!-- #post -->\n\t\t\t\t\t\n\t\t<\/div>\n\t\t\t\t<div class=\"slide-portfolio owl-carousel-item\">\n\t\t\t\n\t\t\t\t\t\t\t\n<article id=\"post-218\" class=\"portfolio-entry portfolio-single proj-cat-em-andamento portfolio-text-shown post-218 portfolio type-portfolio status-publish has-post-thumbnail hentry project-cat-em-andamento\">\n\t<header class=\"entry-header\">\n\t\t\t\t\t<figure class=\"entry-thumbnail\">\n\t\t\t\t<a href=\"https:\/\/interelos.org.br\/en\/programas\/socioeconomia-resex-verde-para-sempre\" class=\"portfolio-thumbnail\">\n\t\t\t\t\t<img width=\"1000\" height=\"750\" src=\"https:\/\/interelos.org.br\/wp-content\/themes\/woodmart\/images\/lazy.png\" class=\"attachment-large size-large wp-image-1069 wd-lazy-load woodmart-lazy-load wd-lazy-blur\" alt=\"Resex Verde para Sempre\" decoding=\"async\" loading=\"lazy\" srcset=\"\" sizes=\"(max-width: 1000px) 100vw, 1000px\" data-wood-src=\"https:\/\/interelos.org.br\/wp-content\/uploads\/2021\/08\/foto-resex-site-1000x750-1.jpg\" data-srcset=\"https:\/\/interelos.org.br\/wp-content\/uploads\/2021\/08\/foto-resex-site-1000x750-1.jpg 1000w, https:\/\/interelos.org.br\/wp-content\/uploads\/2021\/08\/foto-resex-site-1000x750-1-300x225.jpg 300w, https:\/\/interelos.org.br\/wp-content\/uploads\/2021\/08\/foto-resex-site-1000x750-1-768x576.jpg 768w\" \/>\t\t\t\t<\/a>\n\t\t\t\t<a href=\"https:\/\/interelos.org.br\/wp-content\/uploads\/2021\/08\/foto-resex-site-1000x750-1.jpg\" class=\"portfolio-enlarge\" data-elementor-open-lightbox=\"no\">View Large<\/a>\n\t\t\t\t\t\t\t\t\t<div class=\"social-icons-wrapper\">\n\t\t\t\t\t\n\t\t\t<div class=\"wd-social-icons woodmart-social-icons text-center icons-design-default icons-size-small color-scheme-light social-share social-form-circle\">\n\t\t\t\t\t\t\t\t\t<a rel=\"noopener noreferrer nofollow\" href=\"https:\/\/www.facebook.com\/sharer\/sharer.php?u=https:\/\/interelos.org.br\/en\/programas\/socioeconomia-resex-verde-para-sempre\" target=\"_blank\" class=\"wd-social-icon social-facebook\">\n\t\t\t\t\t\t<span class=\"wd-icon\"><\/span>\n\t\t\t\t\t\t\t\t\t\t\t<\/a>\n\t\t\t\t\n\t\t\t\t\t\t\t\t\t<a rel=\"noopener noreferrer nofollow\" href=\"https:\/\/twitter.com\/share?url=https:\/\/interelos.org.br\/en\/programas\/socioeconomia-resex-verde-para-sempre\" target=\"_blank\" class=\"wd-social-icon social-twitter\">\n\t\t\t\t\t\t<span class=\"wd-icon\"><\/span>\n\t\t\t\t\t\t\t\t\t\t\t<\/a>\n\t\t\t\t\n\t\t\t\t\n\t\t\t\t\n\t\t\t\t\n\t\t\t\t\t\t\t\t\t<a rel=\"noopener noreferrer nofollow\" href=\"https:\/\/pinterest.com\/pin\/create\/button\/?url=https:\/\/interelos.org.br\/en\/programas\/socioeconomia-resex-verde-para-sempre&media=https:\/\/interelos.org.br\/wp-content\/uploads\/2021\/08\/foto-resex-site-1000x750-1.jpg&description=Programa+Interelos+de+Socioeconomia+na+RESEX+Verde+Para+Sempre\" target=\"_blank\" class=\"wd-social-icon social-pinterest\">\n\t\t\t\t\t\t<span class=\"wd-icon\"><\/span>\n\t\t\t\t\t\t\t\t\t\t\t<\/a>\n\t\t\t\t\n\t\t\t\t\n\t\t\t\t\t\t\t\t\t<a rel=\"noopener noreferrer nofollow\" href=\"https:\/\/www.linkedin.com\/shareArticle?mini=true&url=https:\/\/interelos.org.br\/en\/programas\/socioeconomia-resex-verde-para-sempre\" target=\"_blank\" class=\"wd-social-icon social-linkedin\">\n\t\t\t\t\t\t<span class=\"wd-icon\"><\/span>\n\t\t\t\t\t\t\t\t\t\t\t<\/a>\n\t\t\t\t\n\t\t\t\t\n\t\t\t\t\n\t\t\t\t\n\t\t\t\t\n\t\t\t\t\n\t\t\t\t\n\t\t\t\t\n\t\t\t\t\n\t\t\t\t\n\t\t\t\t\t\t\t\t\n\t\t\t\t\t\t\t\t\n\t\t\t\t\n\t\t\t\t\t\t\t\t\t<a rel=\"noopener noreferrer nofollow\" href=\"https:\/\/telegram.me\/share\/url?url=https:\/\/interelos.org.br\/en\/programas\/socioeconomia-resex-verde-para-sempre\" target=\"_blank\" class=\"wd-social-icon social-tg\">\n\t\t\t\t\t\t<span class=\"wd-icon\"><\/span>\n\t\t\t\t\t\t\t\t\t\t\t<\/a>\n\t\t\t\t\t\t\t\t\n\t\t\t\t\n\t\t\t<\/div>\n\n\t\t\t\t\t\t\t<\/div>\n\t\t\t\t\t\t\t<\/figure>\n\t\t\n\t\t<div class=\"portfolio-info\">\n\t\t\t\n\t\t\t\t\t\t\t\t<div class=\"wrap-meta\">\n\t\t\t\t\t\t<ul class=\"proj-cats-list\">\n\t\t\t\t\t\t\t\t\t\t\t\t\t\t<li>In progress<\/li>\n\t\t\t\t\t\t\t\t\t\t\t\t\t<\/ul>\n\t\t\t\t\t<\/div>\n\t\t\t\t\t\t\t\t \n\t\t\t<div class=\"wrap-title\">\n\t\t\t\t<h3 class=\"wd-entities-title\">\n\t\t\t\t\t<a href=\"https:\/\/interelos.org.br\/en\/programas\/socioeconomia-resex-verde-para-sempre\" rel=\"bookmark\">Interelos Socioeconomics Program at RESEX Verde Para Semper<\/a>\n\t\t\t\t<\/h3>\n\t\t\t<\/div>\n\t\t <\/div>\n\t <\/header>\n\n<\/article><!-- #post -->\n\t\t\t\t\t\n\t\t<\/div>\n\t\t\t\t<div class=\"slide-portfolio owl-carousel-item\">\n\t\t\t\n\t\t\t\t\t\t\t\n<article id=\"post-412\" class=\"portfolio-entry portfolio-single proj-cat-em-andamento portfolio-text-shown post-412 portfolio type-portfolio status-publish has-post-thumbnail hentry project-cat-em-andamento\">\n\t<header class=\"entry-header\">\n\t\t\t\t\t<figure class=\"entry-thumbnail\">\n\t\t\t\t<a href=\"https:\/\/interelos.org.br\/en\/programas\/socioeconomia-amapa\" class=\"portfolio-thumbnail\">\n\t\t\t\t\t<img width=\"1000\" height=\"750\" src=\"https:\/\/interelos.org.br\/wp-content\/themes\/woodmart\/images\/lazy.png\" class=\"attachment-large size-large wp-image-759 wd-lazy-load woodmart-lazy-load wd-lazy-blur\" alt=\"\" decoding=\"async\" loading=\"lazy\" srcset=\"\" sizes=\"(max-width: 1000px) 100vw, 1000px\" data-wood-src=\"https:\/\/interelos.org.br\/wp-content\/uploads\/2021\/08\/Amazonbai-43.jpg\" data-srcset=\"https:\/\/interelos.org.br\/wp-content\/uploads\/2021\/08\/Amazonbai-43.jpg 1000w, https:\/\/interelos.org.br\/wp-content\/uploads\/2021\/08\/Amazonbai-43-300x225.jpg 300w, https:\/\/interelos.org.br\/wp-content\/uploads\/2021\/08\/Amazonbai-43-768x576.jpg 768w\" \/>\t\t\t\t<\/a>\n\t\t\t\t<a href=\"https:\/\/interelos.org.br\/wp-content\/uploads\/2021\/08\/Amazonbai-43.jpg\" class=\"portfolio-enlarge\" data-elementor-open-lightbox=\"no\">View Large<\/a>\n\t\t\t\t\t\t\t\t\t<div class=\"social-icons-wrapper\">\n\t\t\t\t\t\n\t\t\t<div class=\"wd-social-icons woodmart-social-icons text-center icons-design-default icons-size-small color-scheme-light social-share social-form-circle\">\n\t\t\t\t\t\t\t\t\t<a rel=\"noopener noreferrer nofollow\" href=\"https:\/\/www.facebook.com\/sharer\/sharer.php?u=https:\/\/interelos.org.br\/en\/programas\/socioeconomia-amapa\" target=\"_blank\" class=\"wd-social-icon social-facebook\">\n\t\t\t\t\t\t<span class=\"wd-icon\"><\/span>\n\t\t\t\t\t\t\t\t\t\t\t<\/a>\n\t\t\t\t\n\t\t\t\t\t\t\t\t\t<a rel=\"noopener noreferrer nofollow\" href=\"https:\/\/twitter.com\/share?url=https:\/\/interelos.org.br\/en\/programas\/socioeconomia-amapa\" target=\"_blank\" class=\"wd-social-icon social-twitter\">\n\t\t\t\t\t\t<span class=\"wd-icon\"><\/span>\n\t\t\t\t\t\t\t\t\t\t\t<\/a>\n\t\t\t\t\n\t\t\t\t\n\t\t\t\t\n\t\t\t\t\n\t\t\t\t\t\t\t\t\t<a rel=\"noopener noreferrer nofollow\" href=\"https:\/\/pinterest.com\/pin\/create\/button\/?url=https:\/\/interelos.org.br\/en\/programas\/socioeconomia-amapa&media=https:\/\/interelos.org.br\/wp-content\/uploads\/2021\/08\/Amazonbai-43.jpg&description=Programa+Interelos+de+Socioeconomia+no+Amap%C3%A1\" target=\"_blank\" class=\"wd-social-icon social-pinterest\">\n\t\t\t\t\t\t<span class=\"wd-icon\"><\/span>\n\t\t\t\t\t\t\t\t\t\t\t<\/a>\n\t\t\t\t\n\t\t\t\t\n\t\t\t\t\t\t\t\t\t<a rel=\"noopener noreferrer nofollow\" href=\"https:\/\/www.linkedin.com\/shareArticle?mini=true&url=https:\/\/interelos.org.br\/en\/programas\/socioeconomia-amapa\" target=\"_blank\" class=\"wd-social-icon social-linkedin\">\n\t\t\t\t\t\t<span class=\"wd-icon\"><\/span>\n\t\t\t\t\t\t\t\t\t\t\t<\/a>\n\t\t\t\t\n\t\t\t\t\n\t\t\t\t\n\t\t\t\t\n\t\t\t\t\n\t\t\t\t\n\t\t\t\t\n\t\t\t\t\n\t\t\t\t\n\t\t\t\t\n\t\t\t\t\t\t\t\t\n\t\t\t\t\t\t\t\t\n\t\t\t\t\n\t\t\t\t\t\t\t\t\t<a rel=\"noopener noreferrer nofollow\" href=\"https:\/\/telegram.me\/share\/url?url=https:\/\/interelos.org.br\/en\/programas\/socioeconomia-amapa\" target=\"_blank\" class=\"wd-social-icon social-tg\">\n\t\t\t\t\t\t<span class=\"wd-icon\"><\/span>\n\t\t\t\t\t\t\t\t\t\t\t<\/a>\n\t\t\t\t\t\t\t\t\n\t\t\t\t\n\t\t\t<\/div>\n\n\t\t\t\t\t\t\t<\/div>\n\t\t\t\t\t\t\t<\/figure>\n\t\t\n\t\t<div class=\"portfolio-info\">\n\t\t\t\n\t\t\t\t\t\t\t\t<div class=\"wrap-meta\">\n\t\t\t\t\t\t<ul class=\"proj-cats-list\">\n\t\t\t\t\t\t\t\t\t\t\t\t\t\t<li>In progress<\/li>\n\t\t\t\t\t\t\t\t\t\t\t\t\t<\/ul>\n\t\t\t\t\t<\/div>\n\t\t\t\t\t\t\t\t \n\t\t\t<div class=\"wrap-title\">\n\t\t\t\t<h3 class=\"wd-entities-title\">\n\t\t\t\t\t<a href=\"https:\/\/interelos.org.br\/en\/programas\/socioeconomia-amapa\" rel=\"bookmark\">Interelos Socioeconomics Program in Amap\u00e1<\/a>\n\t\t\t\t<\/h3>\n\t\t\t<\/div>\n\t\t <\/div>\n\t <\/header>\n\n<\/article><!-- #post -->\n\t\t\t\t\t\n\t\t<\/div>\n\t\t\t\t\t\t\n\t\t\t\t<\/div> <!-- end product-items -->\n\t\t\t<\/div> <!-- end #carousel-598 -->\n\t\t\t\n\t\t\t\t\t<\/div>\n\t\t\t\t<\/div>\n\t\t\t\t\t<\/div>\n\t\t<\/div>\n\t\t\t\t\t\t\t<\/div>\n\t\t<\/section>\n\t\t\t\t\t\t\t<\/div>","protected":false},"excerpt":{"rendered":"<p>View Large Ongoing Rural Education View Large Ongoing Interelos Socioeconomic Program in the Verde Para Sempre Extractive Reserve<\/p>","protected":false},"author":1,"featured_media":0,"parent":20,"menu_order":0,"comment_status":"closed","ping_status":"closed","template":"","meta":[],"_links":{"self":[{"href":"https:\/\/interelos.org.br\/en\/wp-json\/wp\/v2\/pages\/32"}],"collection":[{"href":"https:\/\/interelos.org.br\/en\/wp-json\/wp\/v2\/pages"}],"about":[{"href":"https:\/\/interelos.org.br\/en\/wp-json\/wp\/v2\/types\/page"}],"author":[{"embeddable":true,"href":"https:\/\/interelos.org.br\/en\/wp-json\/wp\/v2\/users\/1"}],"replies":[{"embeddable":true,"href":"https:\/\/interelos.org.br\/en\/wp-json\/wp\/v2\/comments?post=32"}],"version-history":[{"count":121,"href":"https:\/\/interelos.org.br\/en\/wp-json\/wp\/v2\/pages\/32\/revisions"}],"predecessor-version":[{"id":3576,"href":"https:\/\/interelos.org.br\/en\/wp-json\/wp\/v2\/pages\/32\/revisions\/3576"}],"up":[{"embeddable":true,"href":"https:\/\/interelos.org.br\/en\/wp-json\/wp\/v2\/pages\/20"}],"wp:attachment":[{"href":"https:\/\/interelos.org.br\/en\/wp-json\/wp\/v2\/media?parent=32"}],"curies":[{"name":"wp","href":"https:\/\/api.w.org\/{rel}","templated":true}]}}